{"id":538,"date":"2026-04-19T16:21:27","date_gmt":"2026-04-19T16:21:27","guid":{"rendered":"https:\/\/cmiconsultoria.com\/?page_id=538"},"modified":"2026-05-01T17:14:47","modified_gmt":"2026-05-01T17:14:47","slug":"form","status":"publish","type":"page","link":"https:\/\/cmiconsultoria.com\/?page_id=538","title":{"rendered":"Form"},"content":{"rendered":"<p>[et_pb_section fb_built=&#8221;1&#8243; _builder_version=&#8221;4.27.4&#8243; _module_preset=&#8221;default&#8221; background_image=&#8221;https:\/\/cmiconsultoria.com\/wp-content\/uploads\/2024\/11\/virtual-assistant-01.png&#8221; parallax=&#8221;on&#8221; parallax_method=&#8221;off&#8221; global_colors_info=&#8221;{}&#8221;][et_pb_row _builder_version=&#8221;4.27.4&#8243; _module_preset=&#8221;default&#8221; custom_padding=&#8221;||27px|||&#8221; global_colors_info=&#8221;{}&#8221;][et_pb_column type=&#8221;4_4&#8243; _builder_version=&#8221;4.27.4&#8243; _module_preset=&#8221;default&#8221; background_enable_color=&#8221;off&#8221; global_colors_info=&#8221;{}&#8221;][et_pb_text disabled_on=&#8221;on|on|on&#8221; _builder_version=&#8221;4.27.6&#8243; _module_preset=&#8221;default&#8221; header_font=&#8221;Space Grotesk|600||on|||||&#8221; text_orientation=&#8221;center&#8221; custom_padding=&#8221;||30px|||&#8221; text_text_shadow_style=&#8221;preset1&#8243; disabled=&#8221;on&#8221; global_colors_info=&#8221;{}&#8221;]<\/p>\n<h1>Inscripci\u00f3n a webinar<\/h1>\n<h1>de<\/h1>\n<h1>Formaci\u00f3n Especializada<\/h1>\n<p>[\/et_pb_text][et_pb_text _builder_version=&#8221;4.27.4&#8243; _module_preset=&#8221;default&#8221; header_font=&#8221;Space Grotesk|600||on|||||&#8221; text_orientation=&#8221;center&#8221; custom_padding=&#8221;||30px|||&#8221; text_text_shadow_style=&#8221;preset1&#8243; global_colors_info=&#8221;{}&#8221;]<\/p>\n<h1>Inscripci\u00f3n<\/h1>\n<p>[\/et_pb_text][et_pb_code _builder_version=&#8221;4.27.6&#8243; _module_preset=&#8221;default&#8221; width=&#8221;100%&#8221; module_alignment=&#8221;right&#8221; hover_enabled=&#8221;0&#8243; global_colors_info=&#8221;{}&#8221; max_width=&#8221;100%&#8221; min_height=&#8221;1000px&#8221; custom_padding=&#8221;|||0px|false|false&#8221; sticky_enabled=&#8221;0&#8243;]<iframe loading=\"lazy\" width=\"640px\" height=\"480px\" src=\"https:\/\/forms.cloud.microsoft\/Pages\/ResponsePage.aspx?id=DdYgdAn_QUOvV7ji822pDnOMJ4H9DdpHqTWDKaz7xAlUNVJXVkI1RE0yTzQ1MUtDNlhCSUIxNEdRMi4u&#038;embed=true\" frameborder=\"0\" marginwidth=\"0\" marginheight=\"0\" style=\"border: none; max-width:100%; max-height:100vh\" allowfullscreen webkitallowfullscreen mozallowfullscreen msallowfullscreen> <\/iframe>[\/et_pb_code][wpforms_selector form_id=&#8221;574&#8243; show_title=&#8221;off&#8221; show_desc=&#8221;off&#8221; disabled_on=&#8221;on|on|on&#8221; _builder_version=&#8221;4.27.6&#8243; _module_preset=&#8221;default&#8221; max_width_tablet=&#8221;&#8221; max_width_phone=&#8221;&#8221; max_width_last_edited=&#8221;on|desktop&#8221; module_alignment=&#8221;center&#8221; disabled=&#8221;on&#8221; global_colors_info=&#8221;{}&#8221;][\/wpforms_selector][et_pb_contact_form email=&#8221;evislarock@gmail.com&#8221; success_message=&#8221;Enviado. Gracias por tu mensaje.&#8221; submit_button_text=&#8221;Inscribir&#8221; disabled_on=&#8221;on|on|on&#8221; _builder_version=&#8221;4.27.6&#8243; _module_preset=&#8221;default&#8221; _unique_id=&#8221;7aa6e6a4-18bb-49bd-8edc-5284c39fb313&#8243; form_field_background_color=&#8221;rgba(0,86,224,0.23)&#8221; form_field_text_color=&#8221;#000000&#8243; form_field_focus_background_color=&#8221;rgba(239,239,239,0.82)&#8221; title_font=&#8221;Space Grotesk|600||on|||||&#8221; title_text_align=&#8221;center&#8221; title_text_color=&#8221;#000000&#8243; title_font_size=&#8221;32px&#8221; captcha_font=&#8221;Space Grotesk||||||||&#8221; captcha_text_color=&#8221;#000000&#8243; form_field_font=&#8221;Space Grotesk|&#8211;et_global_heading_font_weight|||||||&#8221; form_field_text_align=&#8221;center&#8221; form_field_font_size=&#8221;18px&#8221; custom_button=&#8221;on&#8221; button_text_size=&#8221;21px&#8221; button_text_color=&#8221;#000000&#8243; button_bg_color=&#8221;rgba(0,86,224,0.23)&#8221; button_border_width=&#8221;0px&#8221; button_border_radius=&#8221;15px&#8221; button_font=&#8221;Space Grotesk|600|||||||&#8221; text_orientation=&#8221;left&#8221; min_height=&#8221;457.3px&#8221; custom_margin=&#8221;1px||-2px||false|false&#8221; custom_padding=&#8221;|||0px||&#8221; title_text_shadow_style=&#8221;preset1&#8243; title_text_shadow_color=&#8221;rgba(0,0,0,0.32)&#8221; captcha_text_shadow_style=&#8221;preset1&#8243; border_radii=&#8221;on|15px|15px|15px|15px&#8221; box_shadow_style=&#8221;preset3&#8243; disabled=&#8221;on&#8221; global_colors_info=&#8221;{}&#8221; form_field_custom_margin__hover_enabled=&#8221;on|desktop&#8221;][et_pb_contact_field field_id=&#8221;Name&#8221; field_title=&#8221;Nombres y apellidos&#8221; _builder_version=&#8221;4.27.6&#8243; global_colors_info=&#8221;{}&#8221; button_text_size__hover_enabled=&#8221;off&#8221; button_one_text_size__hover_enabled=&#8221;off&#8221; button_two_text_size__hover_enabled=&#8221;off&#8221; button_text_color__hover_enabled=&#8221;off&#8221; button_one_text_color__hover_enabled=&#8221;off&#8221; button_two_text_color__hover_enabled=&#8221;off&#8221; button_border_width__hover_enabled=&#8221;off&#8221; button_one_border_width__hover_enabled=&#8221;off&#8221; button_two_border_width__hover_enabled=&#8221;off&#8221; button_border_color__hover_enabled=&#8221;off&#8221; button_one_border_color__hover_enabled=&#8221;off&#8221; button_two_border_color__hover_enabled=&#8221;off&#8221; button_border_radius__hover_enabled=&#8221;off&#8221; button_one_border_radius__hover_enabled=&#8221;off&#8221; button_two_border_radius__hover_enabled=&#8221;off&#8221; button_letter_spacing__hover_enabled=&#8221;off&#8221; button_one_letter_spacing__hover_enabled=&#8221;off&#8221; button_two_letter_spacing__hover_enabled=&#8221;off&#8221; button_bg_color__hover_enabled=&#8221;off&#8221; button_one_bg_color__hover_enabled=&#8221;off&#8221; button_two_bg_color__hover_enabled=&#8221;off&#8221;][\/et_pb_contact_field][et_pb_contact_field field_id=&#8221;Email&#8221; field_title=&#8221;Correo electr\u00f3nico &#8221; field_type=&#8221;email&#8221; _builder_version=&#8221;4.27.6&#8243; global_colors_info=&#8221;{}&#8221; button_text_size__hover_enabled=&#8221;off&#8221; button_one_text_size__hover_enabled=&#8221;off&#8221; button_two_text_size__hover_enabled=&#8221;off&#8221; button_text_color__hover_enabled=&#8221;off&#8221; button_one_text_color__hover_enabled=&#8221;off&#8221; button_two_text_color__hover_enabled=&#8221;off&#8221; button_border_width__hover_enabled=&#8221;off&#8221; button_one_border_width__hover_enabled=&#8221;off&#8221; button_two_border_width__hover_enabled=&#8221;off&#8221; button_border_color__hover_enabled=&#8221;off&#8221; button_one_border_color__hover_enabled=&#8221;off&#8221; button_two_border_color__hover_enabled=&#8221;off&#8221; button_border_radius__hover_enabled=&#8221;off&#8221; button_one_border_radius__hover_enabled=&#8221;off&#8221; button_two_border_radius__hover_enabled=&#8221;off&#8221; button_letter_spacing__hover_enabled=&#8221;off&#8221; button_one_letter_spacing__hover_enabled=&#8221;off&#8221; button_two_letter_spacing__hover_enabled=&#8221;off&#8221; button_bg_color__hover_enabled=&#8221;off&#8221; button_one_bg_color__hover_enabled=&#8221;off&#8221; button_two_bg_color__hover_enabled=&#8221;off&#8221;][\/et_pb_contact_field][et_pb_contact_field field_id=&#8221;Company&#8221; field_title=&#8221;Compa\u00f1ia&#8221; fullwidth_field=&#8221;on&#8221; _builder_version=&#8221;4.27.6&#8243; _module_preset=&#8221;default&#8221; global_colors_info=&#8221;{}&#8221;][\/et_pb_contact_field][et_pb_contact_field field_id=&#8221;Country&#8221; field_title=&#8221;Pais&#8221; _builder_version=&#8221;4.27.6&#8243; _module_preset=&#8221;default&#8221; global_colors_info=&#8221;{}&#8221;][\/et_pb_contact_field][et_pb_contact_field field_id=&#8221;City&#8221; field_title=&#8221;Ciudad&#8221; _builder_version=&#8221;4.27.6&#8243; _module_preset=&#8221;default&#8221; global_colors_info=&#8221;{}&#8221;][\/et_pb_contact_field][et_pb_contact_field field_id=&#8221;webinar_choice&#8221; field_title=&#8221;Selecciona tu Webinar&#8221; field_type=&#8221;select&#8221; select_options=&#8221;%91{%22value%22:%22%22,%22checked%22:0,%22dragID%22:-1},{%22value%22:%22RCA \u2013 An\u00e1lisis de Causa Ra\u00edz Bajo UNE-EN 62740%22,%22checked%22:0,%22dragID%22:0},{%22value%22:%22RCM \u2013 Mantenimiento Centrado en Confiabilidad Bajo Norma SAE JA 1011 &#038; IEC 60300-3-11%22,%22checked%22:0,%22dragID%22:1},{%22value%22:%22HAZOP \u2013 An\u00e1lisis de Riesgos Operacionales Bajo Norma EN 61882:2017%22,%22checked%22:0,%22dragID%22:2},{%22value%22:%22Buenas Pr\u00e1cticas de Mantenimiento &#038; Confiabilidad Bajo los Lineamientos del BoK de la SMRP.%22,%22checked%22:0,%22dragID%22:3},{%22value%22:%22Gesti\u00f3n de Activos y Sistema de Gesti\u00f3n de Activos Bajo ISO 55001.%22,%22checked%22:0,%22dragID%22:4},{%22value%22:%22KPI \u2013 Indicadores Clave de Mantenimiento y Confiabilidad Bajo UNE-EN 15341.%22,%22checked%22:0,%22dragID%22:5},{%22value%22:%22Gerencia de Mantenimiento &#038; Confiabilidad Bajo UNE \u2013 EN 17485.%22,%22checked%22:0,%22dragID%22:6},{%22value%22:%22Finanzas para Ingenier\u00eda.%22,%22checked%22:0,%22dragID%22:7},{%22value%22:%22Gesti\u00f3n de Costos.%22,%22checked%22:0,%22dragID%22:8},{%22value%22:%22LCC \u2013 An\u00e1lisis de Costo del Ciclo de Vida de Activos F\u00edsicos.%22,%22checked%22:0,%22dragID%22:9}%93&#8243; fullwidth_field=&#8221;on&#8221; _builder_version=&#8221;4.27.4&#8243; _module_preset=&#8221;default&#8221; global_colors_info=&#8221;{}&#8221;][\/et_pb_contact_field][et_pb_contact_field field_id=&#8221;Message&#8221; field_title=&#8221;Informaci\u00f3n adicional&#8221; field_type=&#8221;text&#8221; fullwidth_field=&#8221;on&#8221; _builder_version=&#8221;4.27.6&#8243; global_colors_info=&#8221;{}&#8221; button_text_size__hover_enabled=&#8221;off&#8221; button_one_text_size__hover_enabled=&#8221;off&#8221; button_two_text_size__hover_enabled=&#8221;off&#8221; button_text_color__hover_enabled=&#8221;off&#8221; button_one_text_color__hover_enabled=&#8221;off&#8221; button_two_text_color__hover_enabled=&#8221;off&#8221; button_border_width__hover_enabled=&#8221;off&#8221; button_one_border_width__hover_enabled=&#8221;off&#8221; button_two_border_width__hover_enabled=&#8221;off&#8221; button_border_color__hover_enabled=&#8221;off&#8221; button_one_border_color__hover_enabled=&#8221;off&#8221; button_two_border_color__hover_enabled=&#8221;off&#8221; button_border_radius__hover_enabled=&#8221;off&#8221; button_one_border_radius__hover_enabled=&#8221;off&#8221; button_two_border_radius__hover_enabled=&#8221;off&#8221; button_letter_spacing__hover_enabled=&#8221;off&#8221; button_one_letter_spacing__hover_enabled=&#8221;off&#8221; button_two_letter_spacing__hover_enabled=&#8221;off&#8221; button_bg_color__hover_enabled=&#8221;off&#8221; button_one_bg_color__hover_enabled=&#8221;off&#8221; button_two_bg_color__hover_enabled=&#8221;off&#8221;][\/et_pb_contact_field][\/et_pb_contact_form][\/et_pb_column][\/et_pb_row][\/et_pb_section][et_pb_section fb_built=&#8221;1&#8243; admin_label=&#8221;Stats&#8221; _builder_version=&#8221;4.27.4&#8243; _module_preset=&#8221;default&#8221; background_color=&#8221;rgba(239,239,239,0.82)&#8221; background_image=&#8221;https:\/\/cmiconsultoria.com\/wp-content\/uploads\/2024\/11\/virtual-assistant-01.png&#8221; parallax=&#8221;on&#8221; parallax_method=&#8221;off&#8221; width_tablet=&#8221;100%&#8221; width_phone=&#8221;&#8221; width_last_edited=&#8221;on|tablet&#8221; module_alignment=&#8221;center&#8221; custom_margin=&#8221;|||-626px|false|false&#8221; custom_padding=&#8221;0px|||||&#8221; box_shadow_style=&#8221;preset3&#8243; box_shadow_vertical=&#8221;72px&#8221; box_shadow_blur=&#8221;64px&#8221; box_shadow_spread=&#8221;-16px&#8221; global_colors_info=&#8221;{}&#8221;][et_pb_row column_structure=&#8221;2_5,3_5&#8243; _builder_version=&#8221;4.27.4&#8243; _module_preset=&#8221;default&#8221; background_color=&#8221;rgba(239,239,239,0.82)&#8221; custom_margin=&#8221;||-330px||false|false&#8221; custom_padding=&#8221;0px||0px||false|false&#8221; box_shadow_style=&#8221;preset1&#8243; box_shadow_blur=&#8221;80px&#8221; box_shadow_spread=&#8221;80px&#8221; box_shadow_color=&#8221;rgba(239,239,239,0.82)&#8221; global_colors_info=&#8221;{}&#8221;][et_pb_column type=&#8221;2_5&#8243; _builder_version=&#8221;4.16&#8243; _module_preset=&#8221;default&#8221; global_colors_info=&#8221;{}&#8221;][et_pb_image src=&#8221;https:\/\/cmiconsultoria.com\/wp-content\/uploads\/2025\/05\/Diseno-sin-titulo-3.jpg&#8221; title_text=&#8221;Dise\u00f1o sin t\u00edtulo (3)&#8221; _builder_version=&#8221;4.27.4&#8243; _module_preset=&#8221;default&#8221; transform_scale=&#8221;110%|110%&#8221; transform_translate=&#8221;24px|-20px&#8221; transform_translate_linked=&#8221;off&#8221; transform_origin=&#8221;100%|106%&#8221; module_alignment=&#8221;left&#8221; custom_margin=&#8221;|||-101px|false|false&#8221; custom_padding=&#8221;0px||0px||false|false&#8221; scroll_vertical_motion_enable=&#8221;on&#8221; scroll_vertical_motion=&#8221;0|50|50|100|1|0|-1&#8243; motion_trigger_start=&#8221;top&#8221; box_shadow_style=&#8221;preset2&#8243; global_colors_info=&#8221;{}&#8221;][\/et_pb_image][\/et_pb_column][et_pb_column type=&#8221;3_5&#8243; _builder_version=&#8221;4.16&#8243; _module_preset=&#8221;default&#8221; global_colors_info=&#8221;{}&#8221;][et_pb_text _builder_version=&#8221;4.27.4&#8243; _module_preset=&#8221;default&#8221; text_font=&#8221;Space Grotesk||||||||&#8221; text_text_color=&#8221;#000000&#8243; text_font_size=&#8221;23px&#8221; text_line_height=&#8221;1.8em&#8221; text_font_size_tablet=&#8221;14px&#8221; text_font_size_phone=&#8221;13px&#8221; text_font_size_last_edited=&#8221;on|phone&#8221; text_text_shadow_style=&#8221;preset2&#8243; text_text_shadow_blur_strength=&#8221;0.11em&#8221; text_text_shadow_color=&#8221;#FFFFFF&#8221; locked=&#8221;off&#8221; global_colors_info=&#8221;{}&#8221;]<\/p>\n<p>Contamos con un profundo conocimiento y experiencia en nuestro campo, aplicando las mejores pr\u00e1cticas y tecnolog\u00edas avanzadas para ofrecer resultados de alta calidad y valor en cada proyecto.<\/p>\n<p>[\/et_pb_text][\/et_pb_column][\/et_pb_row][et_pb_row admin_label=&#8221;Row&#8221; _builder_version=&#8221;4.27.4&#8243; _module_preset=&#8221;default&#8221; custom_margin=&#8221;344px||||false|false&#8221; custom_padding=&#8221;0px||34px||false|false&#8221; global_colors_info=&#8221;{}&#8221;][et_pb_column type=&#8221;4_4&#8243; admin_label=&#8221;Column&#8221; _builder_version=&#8221;4.16&#8243; _module_preset=&#8221;default&#8221; global_colors_info=&#8221;{}&#8221;][et_pb_text _builder_version=&#8221;4.27.4&#8243; _module_preset=&#8221;default&#8221; text_font=&#8221;Space Grotesk||||||||&#8221; header_3_font=&#8221;Space Grotesk||||||||&#8221; header_3_font_size=&#8221;30px&#8221; global_colors_info=&#8221;{}&#8221;]<\/p>\n<h3>Formaci\u00f3n especializada<\/h3>\n<h4><\/h4>\n<ul>\n<li>\n<h4>RCA &#8211; An\u00e1lisis de Causa Ra\u00edz Bajo UNE-EN 62740<\/h4>\n<\/li>\n<li>\n<h4>RCM &#8211; Mantenimiento Centrado en Confiabilidad Bajo Norma SAE JA 1011 &amp; IEC 60300-3-11.<\/h4>\n<\/li>\n<li>\n<h4>HAZOP &#8211; An\u00e1lisis de Riesgos Operacionales Bajo Norma EN 61882:2017<\/h4>\n<\/li>\n<li>\n<h4>Buenas Pr\u00e1cticas de Mantenimiento &amp; Confiabilidad Bajo los Lineamientos del BoK de la SMRP.<\/h4>\n<\/li>\n<li>\n<h4>Gesti\u00f3n de Activos y Sistema de Gesti\u00f3n de Activos Bajo ISO 55001.<\/h4>\n<\/li>\n<li>\n<h4>KPI &#8211; Indicadores Clave de Mantenimiento y Confiabilidad Bajo UNE-EN 15341.<\/h4>\n<\/li>\n<li>\n<h4>Gerencia de Mantenimiento &amp; Confiabilidad Bajo UNE &#8211; EN 17485.<\/h4>\n<\/li>\n<li>\n<h4>Finanzas para Ingenier\u00eda.<\/h4>\n<\/li>\n<li>\n<h4>Gesti\u00f3n de Costos.<\/h4>\n<\/li>\n<li>\n<h4>LCC &#8211; An\u00e1lisis de Costo del Ciclo de Vida de Activos F\u00edsicos.<\/h4>\n<\/li>\n<\/ul>\n<p>[\/et_pb_text][\/et_pb_column][\/et_pb_row][\/et_pb_section]<\/p>\n","protected":false},"excerpt":{"rendered":"<p>Inscripci\u00f3n a webinar de Formaci\u00f3n EspecializadaInscripci\u00f3nContamos con un profundo conocimiento y experiencia en nuestro campo, aplicando las mejores pr\u00e1cticas y tecnolog\u00edas avanzadas para ofrecer resultados de alta calidad y valor en cada proyecto.Formaci\u00f3n especializada RCA &#8211; An\u00e1lisis de Causa Ra\u00edz Bajo UNE-EN 62740 [&hellip;]<\/p>\n","protected":false},"author":1,"featured_media":0,"parent":0,"menu_order":0,"comment_status":"closed","ping_status":"closed","template":"","meta":{"_et_pb_use_builder":"on","_et_pb_old_content":"","_et_gb_content_width":"","footnotes":""},"class_list":["post-538","page","type-page","status-publish","hentry"],"_links":{"self":[{"href":"https:\/\/cmiconsultoria.com\/index.php?rest_route=\/wp\/v2\/pages\/538","targetHints":{"allow":["GET"]}}],"collection":[{"href":"https:\/\/cmiconsultoria.com\/index.php?rest_route=\/wp\/v2\/pages"}],"about":[{"href":"https:\/\/cmiconsultoria.com\/index.php?rest_route=\/wp\/v2\/types\/page"}],"author":[{"embeddable":true,"href":"https:\/\/cmiconsultoria.com\/index.php?rest_route=\/wp\/v2\/users\/1"}],"replies":[{"embeddable":true,"href":"https:\/\/cmiconsultoria.com\/index.php?rest_route=%2Fwp%2Fv2%2Fcomments&post=538"}],"version-history":[{"count":23,"href":"https:\/\/cmiconsultoria.com\/index.php?rest_route=\/wp\/v2\/pages\/538\/revisions"}],"predecessor-version":[{"id":604,"href":"https:\/\/cmiconsultoria.com\/index.php?rest_route=\/wp\/v2\/pages\/538\/revisions\/604"}],"wp:attachment":[{"href":"https:\/\/cmiconsultoria.com\/index.php?rest_route=%2Fwp%2Fv2%2Fmedia&parent=538"}],"curies":[{"name":"wp","href":"https:\/\/api.w.org\/{rel}","templated":true}]}}